{"id":242,"date":"2024-08-02T11:53:09","date_gmt":"2024-08-02T14:53:09","guid":{"rendered":"https:\/\/webdae.uta.cl\/?page_id=242"},"modified":"2024-08-02T11:53:09","modified_gmt":"2024-08-02T14:53:09","slug":"becas","status":"publish","type":"page","link":"https:\/\/webdae.uta.cl\/index.php\/becas\/","title":{"rendered":"Becas"},"content":{"rendered":"\n<h3 class=\"wp-block-heading has-text-align-left\" id=\"justin-hammer\" style=\"margin-top:20px;margin-bottom:0px\"><strong>FINANCIAMIENTO DE LA UNIVERSIDAD DE TARAPAC\u00c1 PARA ARANCEL DIFERENCIADO<\/strong><\/h3>\n\n\n\n<p><\/p>\n\n\n\n<p><strong>BECA DE HONOR DE ALUMNOS DESTACADOS<\/strong><\/p>\n\n\n\n<p>Cubre el 100% del arancel diferenciado y b\u00e1sico establecido por la universidad para la carrera, durante el a\u00f1o siguiente en que fue elegido como &#8220;el alumno m\u00e1s destacado\u201d por su respectiva facultad. En caso de que el alumno ya no est\u00e9 afecto al pago de Arancel por haber culminado sus estudios, el monto de la beca ser\u00e1 reemplazado por el aporte del 100% del valor del tr\u00e1mite de titulaci\u00f3n y\/o graduaci\u00f3n con cargo a Rector\u00eda.<\/p>\n\n\n\n<p><\/p>\n\n\n\n<p><strong>BECA CFT<\/strong><\/p>\n\n\n\n<p>Beca &nbsp;destinada&nbsp;&nbsp; a&nbsp; financiar&nbsp;&nbsp;&nbsp; hasta&nbsp;&nbsp; el&nbsp; cincuenta&nbsp;&nbsp; por&nbsp; ciento (50%) del arancel &nbsp;diferenciado de la&nbsp; carrera&nbsp; de&nbsp; pregrado que curse el estudiante que cuando&nbsp; cumpla con&nbsp; los requisitos para la asignaci\u00f3n. A partir del a\u00f1o de ingreso 2013,&nbsp;&nbsp; el alumno (a) podr\u00e1 optar al beneficio solo por el primer a\u00f1o acad\u00e9mico.<\/p>\n\n\n\n<p> <br><strong>BECA ESTUDIANTIL<\/strong><\/p>\n\n\n\n<p>Dirigido a los estudiantes de la Universidad de Tarapac\u00e1 que tengan el parentesco de hermanos o matrimonio. Consiste en la rebaja de un 5% sobre del arancel diferenciado que debe pagar el estudiante.<\/p>\n\n\n\n<p>No es renovable, se postula cada semestre.<\/p>\n","protected":false},"excerpt":{"rendered":"<p>FINANCIAMIENTO DE LA UNIVERSIDAD DE TARAPAC\u00c1 PARA ARANCEL DIFERENCIADO BECA DE HONOR DE ALUMNOS DESTACADOS Cubre el 100% del arancel diferenciado y b\u00e1sico establecido por la universidad para la carrera, durante el a\u00f1o siguiente en que fue elegido como &#8220;el alumno m\u00e1s destacado\u201d por su respectiva facultad. En caso de que el alumno ya no&#8230;<\/p>\n","protected":false},"author":1,"featured_media":0,"parent":0,"menu_order":0,"comment_status":"closed","ping_status":"closed","template":"","meta":{"footnotes":""},"class_list":["post-242","page","type-page","status-publish","hentry"],"_links":{"self":[{"href":"https:\/\/webdae.uta.cl\/index.php\/wp-json\/wp\/v2\/pages\/242","targetHints":{"allow":["GET"]}}],"collection":[{"href":"https:\/\/webdae.uta.cl\/index.php\/wp-json\/wp\/v2\/pages"}],"about":[{"href":"https:\/\/webdae.uta.cl\/index.php\/wp-json\/wp\/v2\/types\/page"}],"author":[{"embeddable":true,"href":"https:\/\/webdae.uta.cl\/index.php\/wp-json\/wp\/v2\/users\/1"}],"replies":[{"embeddable":true,"href":"https:\/\/webdae.uta.cl\/index.php\/wp-json\/wp\/v2\/comments?post=242"}],"version-history":[{"count":1,"href":"https:\/\/webdae.uta.cl\/index.php\/wp-json\/wp\/v2\/pages\/242\/revisions"}],"predecessor-version":[{"id":243,"href":"https:\/\/webdae.uta.cl\/index.php\/wp-json\/wp\/v2\/pages\/242\/revisions\/243"}],"wp:attachment":[{"href":"https:\/\/webdae.uta.cl\/index.php\/wp-json\/wp\/v2\/media?parent=242"}],"curies":[{"name":"wp","href":"https:\/\/api.w.org\/{rel}","templated":true}]}}