{"id":1627,"date":"2026-03-09T10:59:15","date_gmt":"2026-03-09T13:59:15","guid":{"rendered":"https:\/\/webdae.uta.cl\/?page_id=1627"},"modified":"2026-03-09T10:59:15","modified_gmt":"2026-03-09T13:59:15","slug":"convenio-uta-iquique-centro-medico-clinica-tarapaca","status":"publish","type":"page","link":"https:\/\/webdae.uta.cl\/index.php\/convenio-uta-iquique-centro-medico-clinica-tarapaca\/","title":{"rendered":"Convenio UTA Iquique &#8211; Centro M\u00e9dico Cl\u00ednica Tarapac\u00e1"},"content":{"rendered":"\n<h4 class=\"wp-block-heading\">\u00bfQu\u00e9 es el Centro M\u00e9dico Cl\u00ednica Tarapac\u00e1?<\/h4>\n\n\n\n<p>El Centro M\u00e9dico Cl\u00ednica Tarapac\u00e1 es una unidad de atenci\u00f3n ambulatoria en salud que, mediante un convenio vigente con la Universidad de Tarapac\u00e1, Sede Iquique, ofrece servicios b\u00e1sicos en cuatro especialidades m\u00e9dicas a toda la comunidad universitaria. Este beneficio contempla atenci\u00f3n gratuita para estudiantes que cuenten con matr\u00edcula vigente.<\/p>\n\n\n\n<p>Las especialidades disponibles incluyen&nbsp;<strong>Psicolog\u00eda, Obstetricia (Matrona), Odontolog\u00eda y Medicina General.<\/strong><\/p>\n\n\n\n<h4 class=\"wp-block-heading\">\u00bfC\u00f3mo solicitar una hora m\u00e9dica?<\/h4>\n\n\n\n<p>Para acceder a una consulta, es requisito estar matriculado en el a\u00f1o acad\u00e9mico en curso y tener las asignaturas debidamente inscritas y ratificadas en el sistema. Una vez cumplido este requisito, se debe enviar un correo electr\u00f3nico con los siguientes datos: nombre completo, RUT, n\u00famero de tel\u00e9fono y la especialidad en la que desea ser atendido.<\/p>\n\n\n\n<h4 class=\"wp-block-heading\">CONTACTO:<\/h4>\n\n\n\n<p><strong>Correo electr\u00f3nico:<\/strong>&nbsp;<a href=\"mailto:centromedicoutaiqq@gmail.com\">centromedicoutaiqq@gmail.com<\/a><\/p>\n\n\n\n<p><strong>Tel\u00e9fono:<\/strong>&nbsp;57-2727180<\/p>\n\n\n\n<p><strong>Horario de atenci\u00f3n para solicitar hora:<\/strong><br>Lunes a Viernes de 09:00 a 18:00 hrs<\/p>\n","protected":false},"excerpt":{"rendered":"<p>\u00bfQu\u00e9 es el Centro M\u00e9dico Cl\u00ednica Tarapac\u00e1? El Centro M\u00e9dico Cl\u00ednica Tarapac\u00e1 es una unidad de atenci\u00f3n ambulatoria en salud que, mediante un convenio vigente con la Universidad de Tarapac\u00e1, Sede Iquique, ofrece servicios b\u00e1sicos en cuatro especialidades m\u00e9dicas a toda la comunidad universitaria. Este beneficio contempla atenci\u00f3n gratuita para estudiantes que cuenten con matr\u00edcula&#8230;<\/p>\n","protected":false},"author":1,"featured_media":0,"parent":0,"menu_order":0,"comment_status":"closed","ping_status":"closed","template":"","meta":{"footnotes":""},"class_list":["post-1627","page","type-page","status-publish","hentry"],"_links":{"self":[{"href":"https:\/\/webdae.uta.cl\/index.php\/wp-json\/wp\/v2\/pages\/1627","targetHints":{"allow":["GET"]}}],"collection":[{"href":"https:\/\/webdae.uta.cl\/index.php\/wp-json\/wp\/v2\/pages"}],"about":[{"href":"https:\/\/webdae.uta.cl\/index.php\/wp-json\/wp\/v2\/types\/page"}],"author":[{"embeddable":true,"href":"https:\/\/webdae.uta.cl\/index.php\/wp-json\/wp\/v2\/users\/1"}],"replies":[{"embeddable":true,"href":"https:\/\/webdae.uta.cl\/index.php\/wp-json\/wp\/v2\/comments?post=1627"}],"version-history":[{"count":1,"href":"https:\/\/webdae.uta.cl\/index.php\/wp-json\/wp\/v2\/pages\/1627\/revisions"}],"predecessor-version":[{"id":1629,"href":"https:\/\/webdae.uta.cl\/index.php\/wp-json\/wp\/v2\/pages\/1627\/revisions\/1629"}],"wp:attachment":[{"href":"https:\/\/webdae.uta.cl\/index.php\/wp-json\/wp\/v2\/media?parent=1627"}],"curies":[{"name":"wp","href":"https:\/\/api.w.org\/{rel}","templated":true}]}}